 {"id":9592,"date":"2024-05-23T12:55:51","date_gmt":"2024-05-23T10:55:51","guid":{"rendered":"https:\/\/blackbay-shop.com\/product\/senza-categoria\/blacktail-shad-s-custom-color-165cm\/"},"modified":"2026-04-14T16:21:00","modified_gmt":"2026-04-14T14:21:00","slug":"blacktail-shad-s-custom-color-165cm","status":"publish","type":"product","link":"https:\/\/blackbay-shop.com\/it\/prodotto\/esche\/blacktails-it\/blacktail-shad-s-custom-color-165cm\/","title":{"rendered":"BlackTail Shad S | 16.5 cm &#8211; 50 g"},"content":{"rendered":"<p data-start=\"0\" data-end=\"96\">La <strong data-start=\"3\" data-end=\"23\">BlackTail Shad S<\/strong> \u00e8 la coda di ricambio della versione fornita con il <strong data-start=\"76\" data-end=\"95\">Beetle Original<\/strong>.<\/p>\n<p data-start=\"98\" data-end=\"480\">Progettata per scatenare l\u2019attacco, questa BlackTail presenta una pala ampia e un profilo deciso, capaci di generare un\u2019azione di nuoto aggressiva e ad alto impatto. Ogni movimento \u00e8 studiato per attirare l\u2019attenzione. L\u2019azione viene inoltre trasferita direttamente alla testa del Beetle, creando un effetto wobbling amplificato che rende l\u2019esca ancora pi\u00f9 dinamica e irresistibile.<\/p>\n<p data-start=\"482\" data-end=\"785\">La particolare forma triangolare del corpo, pi\u00f9 larga sui lati, aumenta lo spostamento d\u2019acqua e la visibilit\u00e0, aiutando i predatori a individuare e attaccare con sicurezza. Ricca di vibrazioni intense, questa BlackTail \u00e8 progettata per provocare reazioni forti e istintive, anche nei pesci pi\u00f9 apatici.<\/p>\n<p data-start=\"787\" data-end=\"826\" data-is-last-node=\"\" data-is-only-node=\"\"><strong data-start=\"787\" data-end=\"801\">Lunghezza:<\/strong> 16,5 cm | <strong data-start=\"812\" data-end=\"821\">Peso:<\/strong> 50 g<\/p>\n","protected":false},"excerpt":{"rendered":"<p>La generosa coda paddle produce un movimento molto aggressivo e pronunciato. Questa BlackTail riesce a trasmettere il suo movimento anche alla testa del BlackBug, rendendolo pi\u00f9 scodinzolante e attrattivo. La forma del corpo a sezione triangolare pi\u00f9 allargata sui fianchi, conferisce un\u2019aspetto pi\u00f9 voluminoso al predatore che attacca dal basso come il luccio. Questa BlackTail emette notevoli vibrazioni e stimola fortemente l\u2019aggressivit\u00e0 e la reazione dei predatori.<\/p>\n<p>Lenght: <strong>16,5 cm<\/strong> | Weight: <strong>50 g<\/strong><\/p>\n","protected":false},"featured_media":17682,"template":"","meta":{"inline_featured_image":false},"product_brand":[31],"product_cat":[56,363,361],"product_tag":[],"giftcard-category":[],"class_list":{"0":"post-9592","1":"product","2":"type-product","3":"status-publish","4":"has-post-thumbnail","6":"product_brand-blackbay","7":"product_cat-esche","8":"product_cat-blackbug-beetle-it","9":"product_cat-blacktails-it","11":"first","12":"instock","13":"shipping-taxable","14":"purchasable","15":"product-type-variable"},"composite_virtual":false,"composite_layout":"","composite_add_to_cart_form_location":"","composite_editable_in_cart":false,"composite_sold_individually_context":"","composite_shop_price_calc":"","composite_components":[],"composite_scenarios":[],"_links":{"self":[{"href":"https:\/\/blackbay-shop.com\/it\/wp-json\/wp\/v2\/product\/9592","targetHints":{"allow":["GET"]}}],"collection":[{"href":"https:\/\/blackbay-shop.com\/it\/wp-json\/wp\/v2\/product"}],"about":[{"href":"https:\/\/blackbay-shop.com\/it\/wp-json\/wp\/v2\/types\/product"}],"wp:featuredmedia":[{"embeddable":true,"href":"https:\/\/blackbay-shop.com\/it\/wp-json\/wp\/v2\/media\/17682"}],"wp:attachment":[{"href":"https:\/\/blackbay-shop.com\/it\/wp-json\/wp\/v2\/media?parent=9592"}],"wp:term":[{"taxonomy":"product_brand","embeddable":true,"href":"https:\/\/blackbay-shop.com\/it\/wp-json\/wp\/v2\/product_brand?post=9592"},{"taxonomy":"product_cat","embeddable":true,"href":"https:\/\/blackbay-shop.com\/it\/wp-json\/wp\/v2\/product_cat?post=9592"},{"taxonomy":"product_tag","embeddable":true,"href":"https:\/\/blackbay-shop.com\/it\/wp-json\/wp\/v2\/product_tag?post=9592"},{"taxonomy":"giftcard-category","embeddable":true,"href":"https:\/\/blackbay-shop.com\/it\/wp-json\/wp\/v2\/giftcard-category?post=9592"}],"curies":[{"name":"wp","href":"https:\/\/api.w.org\/{rel}","templated":true}]}}