 {"id":9465,"date":"2024-05-23T10:13:04","date_gmt":"2024-05-23T08:13:04","guid":{"rendered":"https:\/\/blackbay-shop.com\/?post_type=product&#038;p=9465"},"modified":"2026-03-30T16:21:23","modified_gmt":"2026-03-30T14:21:23","slug":"blackbug-beetle","status":"publish","type":"product","link":"https:\/\/blackbay-shop.com\/it\/prodotto\/esche\/blackbug-beetle-it\/blackbug-beetle\/","title":{"rendered":"BLACKBUG BEETLE &#8211; 21 cm"},"content":{"rendered":"<p>Il BlackBug Beetle \u00e8 un&#8217;esca ibrida innovativa caratterizzata da una testa realizzata in resistente materiale ABS che ne migliora la durata e stabilizza l&#8217;azione in acqua. La testa del BlackBug Beetle \u00e8 dotata di sfere in tungsteno per creare un effetto &#8220;rattling&#8221;, che aumenta ulteriormente l&#8217;attrazione dell&#8217;esca.<\/p>\n<p>L&#8217;armatura del BlackBug Beetle \u00e8 realizzata con componenti BKK, garantendo affidabilit\u00e0 e alte prestazioni. Inoltre, il sistema rapido di cambio della coda del BlackBug Beetle ne aumenta la versatilit\u00e0, consentendo una facile personalizzazione per adattarsi alle diverse condizioni di pesca.<\/p>\n<p>Lunghezza: <strong>21cm<\/strong> | Peso: <strong>75gr|\u00a0Hooks:\u00a0<a href=\"https:\/\/blackbay-shop.com\/it\/prodotto\/minuteria\/spear-21\/\">BKK Spear 21 \u2013 #1<\/a>\/0<\/strong><\/p>\n","protected":false},"excerpt":{"rendered":"<p>Il BlackBug Beetle \u00e8 un&#8217;esca ibrida innovativa caratterizzata da una testa realizzata in resistente materiale ABS che ne migliora la durata e stabilizza l&#8217;azione in acqua. La testa del BlackBug Beetle \u00e8 dotata di sfere in tungsteno per creare un effetto &#8220;rattling&#8221;, che aumenta ulteriormente l&#8217;attrazione dell&#8217;esca.<\/p>\n<p>L&#8217;armatura del BlackBug Beetle \u00e8 realizzata con componenti BKK, garantendo affidabilit\u00e0 e alte prestazioni. Inoltre, il sistema rapido di cambio della coda del BlackBug Beetle ne aumenta la versatilit\u00e0, consentendo una facile personalizzazione per adattarsi alle diverse condizioni di pesca.<\/p>\n<p>Lunghezza: <strong>21cm<\/strong> | Peso: <strong>75gr<\/strong><\/p>\n","protected":false},"featured_media":13576,"template":"","meta":{"inline_featured_image":false},"product_brand":[31],"product_cat":[56,363],"product_tag":[123,124,125,126,127],"giftcard-category":[],"class_list":{"0":"post-9465","1":"product","2":"type-product","3":"status-publish","4":"has-post-thumbnail","6":"product_brand-blackbay","7":"product_cat-esche","8":"product_cat-blackbug-beetle-it","9":"product_tag-curly-it","10":"product_tag-blackbug-it","11":"product_tag-blacktail-it","12":"product_tag-stinger-it","13":"product_tag-bkk-it-2","15":"first","16":"instock","17":"featured","18":"shipping-taxable","19":"purchasable","20":"product-type-variable"},"composite_virtual":false,"composite_layout":"","composite_add_to_cart_form_location":"","composite_editable_in_cart":false,"composite_sold_individually_context":"","composite_shop_price_calc":"","composite_components":[],"composite_scenarios":[],"_links":{"self":[{"href":"https:\/\/blackbay-shop.com\/it\/wp-json\/wp\/v2\/product\/9465","targetHints":{"allow":["GET"]}}],"collection":[{"href":"https:\/\/blackbay-shop.com\/it\/wp-json\/wp\/v2\/product"}],"about":[{"href":"https:\/\/blackbay-shop.com\/it\/wp-json\/wp\/v2\/types\/product"}],"wp:featuredmedia":[{"embeddable":true,"href":"https:\/\/blackbay-shop.com\/it\/wp-json\/wp\/v2\/media\/13576"}],"wp:attachment":[{"href":"https:\/\/blackbay-shop.com\/it\/wp-json\/wp\/v2\/media?parent=9465"}],"wp:term":[{"taxonomy":"product_brand","embeddable":true,"href":"https:\/\/blackbay-shop.com\/it\/wp-json\/wp\/v2\/product_brand?post=9465"},{"taxonomy":"product_cat","embeddable":true,"href":"https:\/\/blackbay-shop.com\/it\/wp-json\/wp\/v2\/product_cat?post=9465"},{"taxonomy":"product_tag","embeddable":true,"href":"https:\/\/blackbay-shop.com\/it\/wp-json\/wp\/v2\/product_tag?post=9465"},{"taxonomy":"giftcard-category","embeddable":true,"href":"https:\/\/blackbay-shop.com\/it\/wp-json\/wp\/v2\/giftcard-category?post=9465"}],"curies":[{"name":"wp","href":"https:\/\/api.w.org\/{rel}","templated":true}]}}