 {"id":7381,"date":"2023-09-14T17:09:09","date_gmt":"2023-09-14T15:09:09","guid":{"rendered":"https:\/\/blackbay-shop.com\/product\/senza-categoria\/solar-shirt-bigone-blackbay-upf50\/"},"modified":"2026-03-30T19:33:24","modified_gmt":"2026-03-30T17:33:24","slug":"solar-shirt-bigone-blackbay-upf50","status":"publish","type":"product","link":"https:\/\/blackbay-shop.com\/it\/prodotto\/abbigliamento-blackbay\/solar-shirt-bigone-blackbay-upf50\/","title":{"rendered":"Solar Shirt BigOne x BlackBay UPF50+"},"content":{"rendered":"<p>Quando il sole \u00e8 implacabile e il caldo diventa opprimente, la maglia di protezione solare SOLARSHIRT BIG ONE per BLACKBAY con un fattore di protezione UPF50+ diventa una scelta essenziale.<\/p>\n<p>Nelle situazioni pi\u00f9 estreme, non ammettiamo compromessi: o si riesce a resistere, oppure si cede prima.<br \/>\nAbbiamo selezionato i materiali tecnici di massima qualit\u00e0 e li abbiamo confezionati artigianalmente, garantendo un grado di performance di altissimo livello.<\/p>\n<p>La maglia di protezione solare SOLARSHIRT BIG ONE per BLACKBAY con UPF50+ \u00e8 stata meticolosamente progettata per consentire di affrontare queste condizioni per prolungati periodi, garantendo protezione dal sole e concentrazione sull&#8217;obiettivo: la pesca. Inoltre, grazie all\u2019utilizzo di un innovativo tessuto con fili in carbonio, il cattivo odore a fine giornata sar\u00e0 solo un brutto ricordo.<br \/>\nOffrendo protezione, libert\u00e0 di movimento, resistenza e un comfort senza pari, questa maglia ti permetter\u00e0 di affrontare le sfide sotto il sole mentre sei alla ricerca del tuo pi\u00f9 grande catch!<\/p>\n<p><img loading=\"lazy\" decoding=\"async\" class=\"aligncenter wp-image-7340 size-large\" src=\"https:\/\/blackbay-shop.com\/wp-content\/uploads\/2023\/09\/SOCOTRA-scaled-1-1024x141.webp\" alt=\"\" width=\"1024\" height=\"141\" srcset=\"https:\/\/blackbay-shop.com\/wp-content\/uploads\/2023\/09\/SOCOTRA-scaled-1-1024x141.webp 1024w, https:\/\/blackbay-shop.com\/wp-content\/uploads\/2023\/09\/SOCOTRA-scaled-1-300x41.webp 300w, https:\/\/blackbay-shop.com\/wp-content\/uploads\/2023\/09\/SOCOTRA-scaled-1-768x106.webp 768w, https:\/\/blackbay-shop.com\/wp-content\/uploads\/2023\/09\/SOCOTRA-scaled-1-600x83.webp 600w, https:\/\/blackbay-shop.com\/wp-content\/uploads\/2023\/09\/SOCOTRA-scaled-1.webp 1200w\" sizes=\"auto, (max-width: 1024px) 100vw, 1024px\" \/><\/p>\n","protected":false},"excerpt":{"rendered":"<p>When the sun splits the stones and the heat is suffocating, the \u201cBIGONE x BLACKBAY Solar Shirt\u201d \u00a0UPF50+ protection is a right choice.<\/p>\n<div class=\"row shadow m-0 py-3\">\n<div class=\"col\">\n<p><img loading=\"lazy\" decoding=\"async\" class=\"alignnone size-medium wp-image-7342\" src=\"https:\/\/blackbay-shop.com\/wp-content\/uploads\/2023\/09\/SolarProtection_page-0001-1-300x300.webp\" alt=\"\" width=\"300\" height=\"300\" srcset=\"https:\/\/blackbay-shop.com\/wp-content\/uploads\/2023\/09\/SolarProtection_page-0001-1-300x300.webp 300w, https:\/\/blackbay-shop.com\/wp-content\/uploads\/2023\/09\/SolarProtection_page-0001-1-150x150.webp 150w, https:\/\/blackbay-shop.com\/wp-content\/uploads\/2023\/09\/SolarProtection_page-0001-1-768x768.webp 768w, https:\/\/blackbay-shop.com\/wp-content\/uploads\/2023\/09\/SolarProtection_page-0001-1-600x600.webp 600w, https:\/\/blackbay-shop.com\/wp-content\/uploads\/2023\/09\/SolarProtection_page-0001-1-100x100.webp 100w, https:\/\/blackbay-shop.com\/wp-content\/uploads\/2023\/09\/SolarProtection_page-0001-1.webp 879w\" sizes=\"auto, (max-width: 300px) 100vw, 300px\" \/><\/p>\n<p style=\"font-size: 12px; text-align: center;\">UPF50+<\/p>\n<\/div>\n<div class=\"col\">\n<p><img loading=\"lazy\" decoding=\"async\" class=\"alignnone size-medium wp-image-7344\" src=\"https:\/\/blackbay-shop.com\/wp-content\/uploads\/2023\/09\/odorless_page-0001-1-300x300.webp\" alt=\"\" width=\"300\" height=\"300\" srcset=\"https:\/\/blackbay-shop.com\/wp-content\/uploads\/2023\/09\/odorless_page-0001-1-300x300.webp 300w, https:\/\/blackbay-shop.com\/wp-content\/uploads\/2023\/09\/odorless_page-0001-1-150x150.webp 150w, https:\/\/blackbay-shop.com\/wp-content\/uploads\/2023\/09\/odorless_page-0001-1-768x768.webp 768w, https:\/\/blackbay-shop.com\/wp-content\/uploads\/2023\/09\/odorless_page-0001-1-600x600.webp 600w, https:\/\/blackbay-shop.com\/wp-content\/uploads\/2023\/09\/odorless_page-0001-1-100x100.webp 100w, https:\/\/blackbay-shop.com\/wp-content\/uploads\/2023\/09\/odorless_page-0001-1.webp 879w\" sizes=\"auto, (max-width: 300px) 100vw, 300px\" \/><\/p>\n<p style=\"font-size: 12px; text-align: center;\">ODORLESS<\/p>\n<\/div>\n<div class=\"col\">\n<p><img loading=\"lazy\" decoding=\"async\" class=\"alignnone size-medium wp-image-7346\" src=\"https:\/\/blackbay-shop.com\/wp-content\/uploads\/2023\/09\/breathable_page-0001-1-300x300.webp\" alt=\"\" width=\"300\" height=\"300\" srcset=\"https:\/\/blackbay-shop.com\/wp-content\/uploads\/2023\/09\/breathable_page-0001-1-300x300.webp 300w, https:\/\/blackbay-shop.com\/wp-content\/uploads\/2023\/09\/breathable_page-0001-1-150x150.webp 150w, https:\/\/blackbay-shop.com\/wp-content\/uploads\/2023\/09\/breathable_page-0001-1-768x768.webp 768w, https:\/\/blackbay-shop.com\/wp-content\/uploads\/2023\/09\/breathable_page-0001-1-600x600.webp 600w, https:\/\/blackbay-shop.com\/wp-content\/uploads\/2023\/09\/breathable_page-0001-1-100x100.webp 100w, https:\/\/blackbay-shop.com\/wp-content\/uploads\/2023\/09\/breathable_page-0001-1.webp 879w\" sizes=\"auto, (max-width: 300px) 100vw, 300px\" \/><\/p>\n<p style=\"font-size: 12px; text-align: center;\">BREATHABLE<\/p>\n<\/div>\n<div class=\"col\">\n<p><img loading=\"lazy\" decoding=\"async\" class=\"alignnone size-medium wp-image-7348\" src=\"https:\/\/blackbay-shop.com\/wp-content\/uploads\/2023\/09\/fastDrying_page-0001-1-300x300.webp\" alt=\"\" width=\"300\" height=\"300\" srcset=\"https:\/\/blackbay-shop.com\/wp-content\/uploads\/2023\/09\/fastDrying_page-0001-1-300x300.webp 300w, https:\/\/blackbay-shop.com\/wp-content\/uploads\/2023\/09\/fastDrying_page-0001-1-150x150.webp 150w, https:\/\/blackbay-shop.com\/wp-content\/uploads\/2023\/09\/fastDrying_page-0001-1-768x768.webp 768w, https:\/\/blackbay-shop.com\/wp-content\/uploads\/2023\/09\/fastDrying_page-0001-1-600x600.webp 600w, https:\/\/blackbay-shop.com\/wp-content\/uploads\/2023\/09\/fastDrying_page-0001-1-100x100.webp 100w, https:\/\/blackbay-shop.com\/wp-content\/uploads\/2023\/09\/fastDrying_page-0001-1.webp 879w\" sizes=\"auto, (max-width: 300px) 100vw, 300px\" \/><\/p>\n<p style=\"font-size: 12px; text-align: center;\">FAST DRYING<\/p>\n<\/div>\n<div class=\"col\">\n<p><img loading=\"lazy\" decoding=\"async\" class=\"alignnone size-medium wp-image-7350\" src=\"https:\/\/blackbay-shop.com\/wp-content\/uploads\/2023\/09\/coolness_page-0001-1-300x300.webp\" alt=\"\" width=\"300\" height=\"300\" srcset=\"https:\/\/blackbay-shop.com\/wp-content\/uploads\/2023\/09\/coolness_page-0001-1-300x300.webp 300w, https:\/\/blackbay-shop.com\/wp-content\/uploads\/2023\/09\/coolness_page-0001-1-150x150.webp 150w, https:\/\/blackbay-shop.com\/wp-content\/uploads\/2023\/09\/coolness_page-0001-1-768x768.webp 768w, https:\/\/blackbay-shop.com\/wp-content\/uploads\/2023\/09\/coolness_page-0001-1-600x600.webp 600w, https:\/\/blackbay-shop.com\/wp-content\/uploads\/2023\/09\/coolness_page-0001-1-100x100.webp 100w, https:\/\/blackbay-shop.com\/wp-content\/uploads\/2023\/09\/coolness_page-0001-1.webp 879w\" sizes=\"auto, (max-width: 300px) 100vw, 300px\" \/><\/p>\n<p style=\"font-size: 12px; text-align: center;\">COOLNESS<\/p>\n<\/div>\n<\/div>\n","protected":false},"featured_media":7306,"template":"","meta":{"inline_featured_image":false},"product_brand":[354],"product_cat":[53],"product_tag":[],"giftcard-category":[],"class_list":{"0":"post-7381","1":"product","2":"type-product","3":"status-publish","4":"has-post-thumbnail","6":"product_brand-big-one","7":"product_cat-abbigliamento-blackbay","9":"first","10":"instock","11":"featured","12":"shipping-taxable","13":"purchasable","14":"product-type-variable"},"composite_virtual":false,"composite_layout":"","composite_add_to_cart_form_location":"","composite_editable_in_cart":false,"composite_sold_individually_context":"","composite_shop_price_calc":"","composite_components":[],"composite_scenarios":[],"_links":{"self":[{"href":"https:\/\/blackbay-shop.com\/it\/wp-json\/wp\/v2\/product\/7381","targetHints":{"allow":["GET"]}}],"collection":[{"href":"https:\/\/blackbay-shop.com\/it\/wp-json\/wp\/v2\/product"}],"about":[{"href":"https:\/\/blackbay-shop.com\/it\/wp-json\/wp\/v2\/types\/product"}],"wp:featuredmedia":[{"embeddable":true,"href":"https:\/\/blackbay-shop.com\/it\/wp-json\/wp\/v2\/media\/7306"}],"wp:attachment":[{"href":"https:\/\/blackbay-shop.com\/it\/wp-json\/wp\/v2\/media?parent=7381"}],"wp:term":[{"taxonomy":"product_brand","embeddable":true,"href":"https:\/\/blackbay-shop.com\/it\/wp-json\/wp\/v2\/product_brand?post=7381"},{"taxonomy":"product_cat","embeddable":true,"href":"https:\/\/blackbay-shop.com\/it\/wp-json\/wp\/v2\/product_cat?post=7381"},{"taxonomy":"product_tag","embeddable":true,"href":"https:\/\/blackbay-shop.com\/it\/wp-json\/wp\/v2\/product_tag?post=7381"},{"taxonomy":"giftcard-category","embeddable":true,"href":"https:\/\/blackbay-shop.com\/it\/wp-json\/wp\/v2\/giftcard-category?post=7381"}],"curies":[{"name":"wp","href":"https:\/\/api.w.org\/{rel}","templated":true}]}}