 {"id":5721,"date":"2023-02-17T13:29:04","date_gmt":"2023-02-17T11:29:04","guid":{"rendered":"https:\/\/blackbay-shop.com\/product\/senza-categoria\/pikecraft-the-lead-clip\/"},"modified":"2026-02-07T18:50:33","modified_gmt":"2026-02-07T16:50:33","slug":"pikecraft-the-lead-clip","status":"publish","type":"product","link":"https:\/\/blackbay-shop.com\/it\/prodotto\/minuteria\/pikecraft-the-lead-clip\/","title":{"rendered":"Pikecraft &#8211; The Lead Clip"},"content":{"rendered":"","protected":false},"excerpt":{"rendered":"<p>La Lead Clip di Pikecraft \u00e8 un sistema rapido per aggiungere peso su varie esche e variarne la velocit\u00e0 d\u2019affondamento.\u2028La clip si attacca direttamente all\u2019occhiello dell\u2019esca e consente di cambiare rapidamente la quantit\u00e0 di peso da aggiungere: grazie alla sua flessibilit\u00e0, ne consentir\u00e0 un movimento estremamente naturale.<br \/>\nPerfetta in combinazione con <a href=\"https:\/\/blackbay-shop.com\/it\/prodotto\/esche\/blackbug\/\"><strong>BlackBug<\/strong><\/a> e BlackShad.<\/p>\n<p>Made in Germany<\/p>\n","protected":false},"featured_media":5603,"template":"","meta":{"inline_featured_image":false},"product_brand":[333],"product_cat":[58],"product_tag":[101,284,343,348],"giftcard-category":[],"class_list":{"0":"post-5721","1":"product","2":"type-product","3":"status-publish","4":"has-post-thumbnail","6":"product_brand-pikecraft","7":"product_cat-minuteria","8":"product_tag-lead","9":"product_tag-terminal-tackle-it","10":"product_tag-pikecraft-it","11":"product_tag-clip-it","13":"first","14":"outofstock","15":"shipping-taxable","16":"purchasable","17":"product-type-simple"},"composite_virtual":false,"composite_layout":"","composite_add_to_cart_form_location":"","composite_editable_in_cart":false,"composite_sold_individually_context":"","composite_shop_price_calc":"","composite_components":[],"composite_scenarios":[],"_links":{"self":[{"href":"https:\/\/blackbay-shop.com\/it\/wp-json\/wp\/v2\/product\/5721","targetHints":{"allow":["GET"]}}],"collection":[{"href":"https:\/\/blackbay-shop.com\/it\/wp-json\/wp\/v2\/product"}],"about":[{"href":"https:\/\/blackbay-shop.com\/it\/wp-json\/wp\/v2\/types\/product"}],"wp:featuredmedia":[{"embeddable":true,"href":"https:\/\/blackbay-shop.com\/it\/wp-json\/wp\/v2\/media\/5603"}],"wp:attachment":[{"href":"https:\/\/blackbay-shop.com\/it\/wp-json\/wp\/v2\/media?parent=5721"}],"wp:term":[{"taxonomy":"product_brand","embeddable":true,"href":"https:\/\/blackbay-shop.com\/it\/wp-json\/wp\/v2\/product_brand?post=5721"},{"taxonomy":"product_cat","embeddable":true,"href":"https:\/\/blackbay-shop.com\/it\/wp-json\/wp\/v2\/product_cat?post=5721"},{"taxonomy":"product_tag","embeddable":true,"href":"https:\/\/blackbay-shop.com\/it\/wp-json\/wp\/v2\/product_tag?post=5721"},{"taxonomy":"giftcard-category","embeddable":true,"href":"https:\/\/blackbay-shop.com\/it\/wp-json\/wp\/v2\/giftcard-category?post=5721"}],"curies":[{"name":"wp","href":"https:\/\/api.w.org\/{rel}","templated":true}]}}