 {"id":2628,"date":"2022-05-09T14:27:44","date_gmt":"2022-05-09T14:27:44","guid":{"rendered":"https:\/\/blackbay-shop.com\/refund-and-returns-policy\/"},"modified":"2022-07-06T17:00:34","modified_gmt":"2022-07-06T17:00:34","slug":"refund-and-returns-policy","status":"publish","type":"page","link":"https:\/\/blackbay-shop.com\/it\/refund-and-returns-policy\/","title":{"rendered":"Termini e condizioni"},"content":{"rendered":"\n<p><strong><em>CONDIZIONI GENERALI DI VENDITA DI BLACKBAY<\/em><\/strong><\/p>\n\n\n\n<p>1) <strong>INFORMAZIONI GENERALI &#8211; OGGETTO DEL CONTRATTO.<\/strong><\/p>\n\n\n\n<p>i) Le presenti condizioni sono valide tra Blackbay fishing tours LTD, con sede in Co. Clare, Ireland, Blackbay Fishing Tours Ltd | Scarriff, co. Clare, Ireland | Mail info@blackbay-shop.com &#8211; Phone +39 342 8015973, quale proprietaria del dominio www.blackbay-shop.com e di seguito denominata solo \u201cBLACKBAY\u201d, e qualsiasi persona fisica residente in Stato membro dell&#8217;Unione Europea che effettui acquisti online sul sito www.blackbay-shop.com, di seguito denominato solo \u201cCLIENTE\u201d.<\/p>\n\n\n\n<p>ii) Le presenti condizioni disciplinano il rapporto contrattuale con cui BLACKBAY vende ed il CLIENTE acquista a distanza i prodotti indicati ed offerti in vendita sul sito www.blackbay-shop.com; il CLIENTE \u00e8 obbligato ad accettare tali condizioni prima di inoltrare il proprio ordine, confermandone di averne previamente presa la visione e dichiarando di accettarle senza possibilit\u00e0 di avanzare riserva alcuna.<\/p>\n\n\n\n<p>iii) Il contratto si concluder\u00e0 esclusivamente attraverso la rete internet, mediante l&#8217;accesso del CLIENTE all&#8217;indirizzo www.blackbay-shop.com e la realizzazione di un ordine di acquisto dei beni offerti in vendita da BLACKBAY secondo la procedura prevista del sito stesso e disciplinata di seguito.<\/p>\n\n\n\n<p>iv) I beni offerti in vendita da BLACKBAY sono costituiti da prodotti per la pesca sportiva; le immagini ed i contenuti descrittivi dei suddetti prodotti riportati sul sito www.blackbay-shop.com, i cui prezzi sono tutti espressi in EURO, riportano le caratteristiche essenziali dei prodotti stessi.<\/p>\n\n\n\n<p>v) Le fotografie che illustrano i prodotti potrebbero, in alcuni casi, non essere perfettamente identiche ai prodotti stessi, senza che ci\u00f2 comporti per\u00f2 alcun pregiudizio alla qualit\u00e0 offerta.<\/p>\n\n\n\n<p>vi) Tutti i prodotti offerti in vendita da BLACKBAY sono conformi alle normative specifiche di riferimento che ne regolano la distribuzione e l&#8217;utilizzo a livello comunitario e nazionale.<\/p>\n\n\n\n<p>vii) La disponibilit\u00e0 dei prodotti si riferisce a quella presente in magazzino di BLACKBAY al momento in cui il CLIENTE consulta il sito; il CLIENTE non potr\u00e0 acquistare prodotti non presenti fisicamente a magazzino e entro un limitato numero di esemplari dipendente dal tipo di prodotto prescelto e come meglio indicato sul sito in sede di selezione.<\/p>\n\n\n\n<p><strong>2) PREZZI DEI PRODOTTI &#8211; SPESE DI SPEDIZIONE.<\/strong><\/p>\n\n\n\n<p>i) I prezzi dei prodotti indicati sul sito sono espressi in EURO e sono prezzi IVA compresa.<\/p>\n\n\n\n<p>ii) Le spese di spedizione, che sar\u00e0 interamente a cura di BLACKBAY, saranno esposte a parte ed incluse nel prezzo totale finale della transazione; il costo di spedizione del prodotto dipender\u00e0 dall&#8217;indirizzo di consegna indicato dal CLIENTE in sede d\u2019ordine.<\/p>\n\n\n\n<p>iii) Essendo le tariffe dei fornitori in continua evoluzione in ragione del particolare momento storico corrente, BLACKBAY invita il cliente a verificare l&#8217;esatto prezzo indicato sul sito al momento dell&#8217;acquisto, in quanto i suddetti prezzi sono suscettibili di modifica in ogni momento e senza preavviso; fermo restando che l&#8217;effettivo prezzo del prodotto prescelto e da versarsi da parte del CLIENTE sar\u00e0 quello corrente ed esibito sul sito al momento dell&#8217;inoltro dell&#8217;ordine.<\/p>\n\n\n\n<p><strong>3) REGISTRAZIONE DEL CLIENTE.<br><\/strong>i) Il CLIENTE dovr\u00e0 previamente completare la procedura di registrazione presso il sito www.blackbay-shop.com per potere procedere all&#8217;acquisto del prodotto desiderato; \u00e8 indispensabile aver compiuto 18 anni per procedere con la registrazione e per poter effettuare qualsiasi acquisto.<\/p>\n\n\n\n<p>ii) BLACKBAY rivolge la propria offerta di vendita di prodotti esclusivamente a persone fisiche residenti nei territori di Stati membri dell&#8217;UNIONE EUROPEA che agiscono con finalit\u00e0 non riferibili alla propria attivit\u00e0 commerciale, imprenditoriale o professionale.<\/p>\n\n\n\n<p>iii) \u00c8 fatto divieto al CLIENTE di inserire dati falsi, e\/o inventati, e\/o di fantasia, nella procedura di registrazione e nelle relative ulteriori comunicazioni; i dati anagrafici, il numero di telefono e la e-mail dovranno essere esclusivamente i propri reali dati personali del CLIENTE e non di terze persone e\/o di fantasia.<\/p>\n\n\n\n<p>iv)BLACKBAY \u00e8 espressamente manleva dal CLIENTE da qualsiasi obbligo risarcitorio e\/o qualsiasi sanzione derivante da e\/o in qualsiasi modo collegata alla violazione da parte de CLIENTE delle regole sulla registrazione al sito o sulla conservazione delle credenziali di registrazione.<\/p>\n\n\n\n<p><strong>4) ORDINE E COMPLETAMENTO DELL&#8217;ACQUISTO &#8211; CONCLUSIONE DEL CONTRATTO.<\/strong><\/p>\n\n\n\n<p>i) Dopo essersi regolarmente registrato, al fine di effettuare l&#8217;ordine del prodotto prescelto il CLIENTE dovr\u00e0 rigorosamente seguire la procedura prevista sul sito; in particolare, il CLIENTE dovr\u00e0 indicare esattamente il luogo ove intende ricevere il prodotto prescelto, indicandone l&#8217;indirizzo esatto e l&#8217;eventuale nominativo del delegato alla ricezione se la consegna dovesse avvenire presso indirizzo diverso dalla propria residenza. <\/p>\n\n\n\n<p>ii) A seguito della ricezione dell&#8217;ordine, BLACKBAY dovr\u00e0 previamente ricevere ed acquisire tutte le informazioni fornite dal CLIENTE durante la registrazione e verificare i prodotti che sono stati scelti per l\u2019acquisto.<\/p>\n\n\n\n<p>iii) In siffatta fase di esame dell&#8217;ordine ricevuto BLACKBAY si riserva l&#8217;insindacabile possibilit\u00e0 di rifiutare l\u2019ordine e di darne tempestiva comunicazione al CLIENTE che l&#8217;ha inoltrato (a titolo esemplificativo e non esaustivo: per intervenuta improvvisa indisponibilit\u00e0 del prodotto a magazzino; per informazioni non vere fornite dal CLIENTE; per elusione da parte del CLIENTE del divieto di vendita dei prodotti a soggetti e\/o entit\u00e0 diverse da persone fisiche);<\/p>\n\n\n\n<p>iv) Una volta accertata positivamente la sussistenza di tutte le condizioni per potere accettare l&#8217;ordine, BLACKBAY confermer\u00e0 al CLIENTE la conclusione del contratto, fornendo i dettagli della consegna.<\/p>\n\n\n\n<p>v) La vendita sar\u00e0 considerata conclusa con l&#8217;invio da parte di BLACKBAY di una e-mail di conferma d&#8217;ordine al CLIENTE, contenente gli estremi del CLIENTE e dell&#8217;ordine, il prezzo della merce acquistata, le spese di trasporto ed accessorie, l&#8217;indirizzo di spedizione al quale sar\u00e0 inviata la merce, data di consegna indicata dal vettore incaricato; il CLIENTE si impegna a verificare la correttezza dei dati in essa contenuti e a comunicare tempestivamente a BLACKBAY eventuali errori per consentire il buon esito complessivo della vendita.<\/p>\n\n\n\n<p><strong>5) PAGAMENTO<\/strong><\/p>\n\n\n\n<p>i) Sono ammesse unicamente le seguenti modalit\u00e0 di pagamento, restando espressamente escluse e non richiedibili dal CLIENTE a BLACBAY quelle non contemplate tra le seguenti:<\/p>\n\n\n\n<ul class=\"wp-block-list\"><li>Carte di credito American Express, MasterCard, Visa, Maestro, Aura, tramite la piattaforma <\/li><li>Payments di Stripe;<\/li><li>Piattaforma Apple pay;<\/li><li>Piattaforma Google pay;<\/li><\/ul>\n\n\n\n<p>ii) Nella sezione dedicata al pagamento il CLIENTE \u00e8 tenuto a conoscere e\/o fare particolare attenzione alle condizioni contrattuali pattuite con le piattaforme dei vari strumenti di pagamento, seguendo nel dettaglio le istruzioni fornite dalle varie piattaforme, affinch\u00e9 il CLIENTE possa conoscerne il contenuto prima di accedere al servizio.<\/p>\n\n\n\n<p>iii) La fattura verr\u00e0 allegata alla email di conferma d\u2019ordine.<\/p>\n\n\n\n<p><strong>6) CONSEGNA<\/strong><\/p>\n\n\n\n<p>i) BLACKBAY metter\u00e0 il prodotto nella disponibilit\u00e0 del vettore per la spedizione entro e non oltre 2 giorni lavorativi dall&#8217;inoltro della conferma d&#8217;ordine al CLIENTE, in cui come sopra convenuto verranno indicati i tempi di consegna comunicati previamente dal vettore stesso; il CLIENTE esonera sin d&#8217;ora BLACKBAY da qualsiasi responsabilit\u00e0 per ritardata consegna da parte del vettore, salvo solo il caso che tale ritardo sia dovuto per non aver BLACKBAY rispettato il termine massimo di messa disposizione al vettore che precede.<\/p>\n\n\n\n<p>ii) All&#8217;arrivo del pacco contente il prodotto acquistato presso l&#8217;indirizzo indicato in sede di conferma di ordine, il CLIENTE \u00e8 tenuto a controllare che lo stesso non presenti segni di manomissione; in caso contrario, il CLIENTE \u00e8 tenuto ad accettare la merce &#8220;con riserva&#8221; dandone immediata comunicazione scritta a BLACKBAY all&#8217;indirizzo e-mailorders@blackbay-shop.com; nessun reclamo potr\u00e0 essere ritenuto valido se segnalato dal CLIENTE decorsi 3 giorni dal ricevimento del pacco.<\/p>\n\n\n\n<p>iii) Il CLIENTE non potr\u00e0 rendere nessun materiale senza autorizzazione di BLACKBAY; il CLIENTE dovr\u00e0 rendere i resi solo se autorizzati e accompagnati dal documento di trasporto che indichi il numero e la data della fattura relativa alla fornitura originaria.<\/p>\n\n\n\n<p><strong>7) DIRITTO DI RECESSO \u2013 TERMINI E SPESE DELLA RESTITUZIONE.<br><\/strong>i) BLACKBAY riconosce al CLIENTE la possibilit\u00e0 di esercitare il diritto di recesso, da esercitarsi entro e non oltre 7 giorni dalla ricezione del pacco, senza necessit\u00e0 di specificare i motivi che hanno determinato il recesso; per la decorrenza di tale periodo di valutazione, far\u00e0 fede unicamente la data indicata sulla bolla di consegna controfirmata a mani del vettore.<\/p>\n\n\n\n<p>ii) Il recesso potr\u00e0 essere esercitato dandone comunicazione scritta a BLACKBAY all&#8217;indirizzo e-mail orders@blackbay-shop.com.<\/p>\n\n\n\n<p>iii) All\u2019esito delle verifiche effettuate sull\u2019integrit\u00e0 del prodotto restituito a seguito del recesso, BLACKBAY provveder\u00e0 al rimborso delle somme versate al momento dell\u2019acquisto; da queste sono da espressamente escludersi le spese di originaria spedizione, che resteranno esclusivamente e definitivamente a carico al CLIENTE recedente.<\/p>\n\n\n\n<p>iv) L&#8217;esercizio del diritto di recesso \u00e8 espressamente escluso nel caso di fornitura di prodotti sigillati che non si prestano alla restituzione dopo l\u2019apertura. Il prodotto dovr\u00e0 essere reso in perfetto stato, imballato nel suo imballo originale e completo in ogni sua parte ed eventuali accessori e documentazioni (ricevuta fiscale o eventuale fattura).<\/p>\n\n\n\n<p>v) Le spese di spedizione del prodotto reso a BLACKBAY saranno a totale carico del CLIENTE recedente, il quale sar\u00e0 tenuto ad organizzare con propri mezzi la restituzione entro e non oltre 7 giorni dalla comunicazione di recesso.<\/p>\n\n\n\n<p>vi) Il CLIENTE recedente sar\u00e0 altres\u00ec considerato unico responsabile dell&#8217;eventuale smarrimento del pacco di restituzione, nonch\u00e9 di suoi eventuali danneggiamenti; per l&#8217;effetto, BLACKBAY consiglia al CLIENTE recedente di provvedere alla restituzione mediante spedizione assicurata per valore pari al prodotto oggetto del reso.<\/p>\n\n\n\n<p>vii) BLACKBAY si impegna a informare tempestivamente il CLIENTE qualora non dovesse pervenirgli il pacco di restituzione o lo stesso dovesse pervenire danneggiato e\/o manomesso, per consentire al CLIENTE di esercitare le conseguenti azioni contro il vettore da esso incarico e\/o diverso eventuale responsabile; resta inteso difatti che in siffatte eventualit\u00e0, BLACKBAY non proceder\u00e0 a rimborsare alcuna somma al CLIENTE recedente e sar\u00e0 autorizzato a incamerare definitivamente il prezzo della vendita.<\/p>\n\n\n\n<p><strong>8) GARANZIA DI CONFORMIT\u00c1<br><\/strong>i) BLACKBAY garantisce che i prodotti indicati sul sito:<\/p>\n\n\n\n<ul class=\"wp-block-list\"><li>sono idonei all\u2019uso al quale servono abitualmente beni dello stesso tipo;<\/li><li>corrispondono alla descrizione fatta dal venditore;<\/li><li>posseggono le qualit\u00e0 indicate nonch\u00e9 quelle abituali per beni dello stesso tipo;<\/li><\/ul>\n\n\n\n<p>ii) Se il prodotto dovesse presentare dei difetti e\/o non possedere le suesposte caratteristiche, il CLIENTE ne potr\u00e0 dare comunicazione scritta a BLACKBAY all&#8217;indirizzo e-mail orders@blackbay-shop.com; il CLIENTE sar\u00e0 tenuto a rendere il prodotto contestato secondo le specifiche indicazioni che gli verranno fornite da BLACKBAY, anticipando le relative spese di restituzione; una volta ricevuto in restituzione il prodotto contestato, BLACKBAY eseguir\u00e0 le verifiche del caso anche a mezzo dei propri fornitori; in caso di comprovata fondatezza della contestazione del CLIENTE in merito al difetto lamentato e\/o l&#8217;assenza di qualit\u00e0 promessa, quest&#8217;ultimo potr\u00e0 richiedere a BLACKBAY alternativamente o la sostituzione o la riparazione o il rimborso del prezzo versato, comprensivo di tutte le spese di spedizione.<\/p>\n\n\n\n<p>iii) Ai fini della garanzia legale, per la valutazione della tempestivit\u00e0 della richiesta del CLIENTE valgono i termini perentori fissati dalla legislazione irlandese per denunziare la scoperta e per richiedere quanto previsto nel comma che precede.<\/p>\n\n\n\n<p><strong>9) PRIVACY<\/strong><\/p>\n\n\n\n<p>i) IL CLIENTE riconosce che i dati personali verranno utilizzati da BLACKBAY solo ed esclusivamente con il solo scopo dell\u2019esecuzione del seguente contratto.<\/p>\n\n\n\n<p><strong>10) LEGGE APPLICABILE E FORO COMPETENTE.<\/strong><\/p>\n\n\n\n<p>i) Le presenti condizioni generali di contratto saranno regolate ed interpretate nel rispetto della legge irlandese.<br>ii) L\u2019Autorit\u00e0 Giudiziaria che ha giurisdizione e competenza a decidere tutte le controversie che dovessero insorgere tra BLACKBAY ed il CLIENTE in merito all\u2019interpretazione, all\u2019esecuzione ed alla risoluzione del contratto concluso tra le parti, \u00e8 quella irlandese nel cui circondario si trova la sede legale di BLACKBAY.<\/p>\n","protected":false},"excerpt":{"rendered":"<p>CONDIZIONI GENERALI DI VENDITA DI BLACKBAY 1) INFORMAZIONI GENERALI &#8211; OGGETTO DEL CONTRATTO. i) Le presenti condizioni sono valide tra Blackbay fishing tours LTD, con sede in Co. Clare, Ireland, Blackbay Fishing Tours Ltd | Scarriff, co. Clare, Ireland | Mail info@blackbay-shop.com &#8211; Phone +39 342 8015973, quale proprietaria del dominio www.blackbay-shop.com e di seguito [&hellip;]<\/p>\n","protected":false},"author":1,"featured_media":0,"parent":0,"menu_order":0,"comment_status":"closed","ping_status":"closed","template":"template-fullwidth.php","meta":{"inline_featured_image":false,"footnotes":""},"class_list":["post-2628","page","type-page","status-publish","hentry"],"_links":{"self":[{"href":"https:\/\/blackbay-shop.com\/it\/wp-json\/wp\/v2\/pages\/2628","targetHints":{"allow":["GET"]}}],"collection":[{"href":"https:\/\/blackbay-shop.com\/it\/wp-json\/wp\/v2\/pages"}],"about":[{"href":"https:\/\/blackbay-shop.com\/it\/wp-json\/wp\/v2\/types\/page"}],"author":[{"embeddable":true,"href":"https:\/\/blackbay-shop.com\/it\/wp-json\/wp\/v2\/users\/1"}],"replies":[{"embeddable":true,"href":"https:\/\/blackbay-shop.com\/it\/wp-json\/wp\/v2\/comments?post=2628"}],"version-history":[{"count":4,"href":"https:\/\/blackbay-shop.com\/it\/wp-json\/wp\/v2\/pages\/2628\/revisions"}],"predecessor-version":[{"id":3176,"href":"https:\/\/blackbay-shop.com\/it\/wp-json\/wp\/v2\/pages\/2628\/revisions\/3176"}],"wp:attachment":[{"href":"https:\/\/blackbay-shop.com\/it\/wp-json\/wp\/v2\/media?parent=2628"}],"curies":[{"name":"wp","href":"https:\/\/api.w.org\/{rel}","templated":true}]}}